{"id":708,"date":"2020-07-13T11:02:52","date_gmt":"2020-07-13T11:02:52","guid":{"rendered":"https:\/\/themekreativ.com\/parezy\/?page_id=708"},"modified":"2024-11-29T12:30:57","modified_gmt":"2024-11-29T12:30:57","slug":"kontakt","status":"publish","type":"page","link":"http:\/\/happy-way.pl\/index.php\/kontakt\/","title":{"rendered":"Kontakt"},"content":{"rendered":"\t\t<div data-elementor-type=\"wp-page\" data-elementor-id=\"708\" class=\"elementor elementor-708\">\n\t\t\t\t\t\t<div class=\"elementor-inner\">\n\t\t\t\t<div class=\"elementor-section-wrap\">\n\t\t\t\t\t\t\t\t\t<section class=\"elementor-section elementor-top-section elementor-element elementor-element-b1847e6 elementor-section-stretched elementor-section-full_width elementor-section-height-default elementor-section-height-default cd-bg-color-transparent\" data-id=\"b1847e6\" data-element_type=\"section\" data-settings=\"{&quot;stretch_section&quot;:&quot;section-stretched&quot;}\">\n\t\t\t\t\t\t<div class=\"elementor-container elementor-column-gap-default\">\n\t\t\t\t\t\t\t<div class=\"elementor-row\">\n\t\t\t\t\t<div class=\"elementor-column elementor-col-100 elementor-top-column elementor-element elementor-element-248ece2 cd-bg-color-transparent\" data-id=\"248ece2\" data-element_type=\"column\">\n\t\t\t<div class=\"elementor-column-wrap elementor-element-populated\">\n\t\t\t\t\t\t\t<div class=\"elementor-widget-wrap\">\n\t\t\t\t\t\t<div class=\"elementor-element elementor-element-465969a elementor-widget elementor-widget-google_maps\" data-id=\"465969a\" data-element_type=\"widget\" data-widget_type=\"google_maps.default\">\n\t\t\t\t<div class=\"elementor-widget-container\">\n\t\t\t<style>\/*! elementor - v3.18.0 - 20-12-2023 *\/\n.elementor-widget-google_maps .elementor-widget-container{overflow:hidden}.elementor-widget-google_maps .elementor-custom-embed{line-height:0}.elementor-widget-google_maps iframe{height:300px}<\/style>\t\t<div class=\"elementor-custom-embed\">\n\t\t\t<iframe loading=\"lazy\"\n\t\t\t\t\tsrc=\"https:\/\/maps.google.com\/maps?q=Poland%2C%20rzesz%C3%B3w%2C%20D%C4%85browskiego%2018%2C%20HappyWay&#038;t=m&#038;z=14&#038;output=embed&#038;iwloc=near\"\n\t\t\t\t\ttitle=\"Poland, rzesz\u00f3w, D\u0105browskiego 18, HappyWay\"\n\t\t\t\t\taria-label=\"Poland, rzesz\u00f3w, D\u0105browskiego 18, HappyWay\"\n\t\t\t><\/iframe>\n\t\t<\/div>\n\t\t\t\t<\/div>\n\t\t\t\t<\/div>\n\t\t\t\t\t\t<\/div>\n\t\t\t\t\t<\/div>\n\t\t<\/div>\n\t\t\t\t\t\t\t\t<\/div>\n\t\t\t\t\t<\/div>\n\t\t<\/section>\n\t\t\t\t<section class=\"elementor-section elementor-top-section elementor-element elementor-element-ad8e466 elementor-section-stretched overflow-hidden elementor-section-boxed elementor-section-height-default elementor-section-height-default cd-bg-color-transparent\" data-id=\"ad8e466\" data-element_type=\"section\" data-settings=\"{&quot;stretch_section&quot;:&quot;section-stretched&quot;,&quot;background_background&quot;:&quot;classic&quot;}\">\n\t\t\t\t\t\t<div class=\"elementor-container elementor-column-gap-default\">\n\t\t\t\t\t\t\t<div class=\"elementor-row\">\n\t\t\t\t\t<div class=\"elementor-column elementor-col-50 elementor-top-column elementor-element elementor-element-ca95fe8 cd-bg-color-secondary contact-box\" data-id=\"ca95fe8\" data-element_type=\"column\">\n\t\t\t<div class=\"elementor-column-wrap elementor-element-populated\">\n\t\t\t\t\t\t\t<div class=\"elementor-widget-wrap\">\n\t\t\t\t\t\t<section class=\"elementor-section elementor-inner-section elementor-element elementor-element-562ffe6 elementor-section-boxed elementor-section-height-default elementor-section-height-default cd-bg-color-transparent\" data-id=\"562ffe6\" data-element_type=\"section\">\n\t\t\t\t\t\t<div class=\"elementor-container elementor-column-gap-default\">\n\t\t\t\t\t\t\t<div class=\"elementor-row\">\n\t\t\t\t\t<div class=\"elementor-column elementor-col-100 elementor-inner-column elementor-element elementor-element-e216d2f cd-bg-color-transparent\" data-id=\"e216d2f\" data-element_type=\"column\">\n\t\t\t<div class=\"elementor-column-wrap elementor-element-populated\">\n\t\t\t\t\t\t\t<div class=\"elementor-widget-wrap\">\n\t\t\t\t\t\t<div class=\"elementor-element elementor-element-17c96b4 elementor-widget elementor-widget-heading\" data-id=\"17c96b4\" data-element_type=\"widget\" data-widget_type=\"heading.default\">\n\t\t\t\t<div class=\"elementor-widget-container\">\n\t\t\t<style>\/*! elementor - v3.18.0 - 20-12-2023 *\/\n.elementor-heading-title{padding:0;margin:0;line-height:1}.elementor-widget-heading .elementor-heading-title[class*=elementor-size-]>a{color:inherit;font-size:inherit;line-height:inherit}.elementor-widget-heading .elementor-heading-title.elementor-size-small{font-size:15px}.elementor-widget-heading .elementor-heading-title.elementor-size-medium{font-size:19px}.elementor-widget-heading .elementor-heading-title.elementor-size-large{font-size:29px}.elementor-widget-heading .elementor-heading-title.elementor-size-xl{font-size:39px}.elementor-widget-heading .elementor-heading-title.elementor-size-xxl{font-size:59px}<\/style><h2 class=\"elementor-heading-title elementor-size-default\">Formularz wysy\u0142kowy<\/h2>\t\t<\/div>\n\t\t\t\t<\/div>\n\t\t\t\t\t\t<\/div>\n\t\t\t\t\t<\/div>\n\t\t<\/div>\n\t\t\t\t\t\t\t\t<\/div>\n\t\t\t\t\t<\/div>\n\t\t<\/section>\n\t\t\t\t<div class=\"elementor-element elementor-element-2a5d3bb elementor-widget elementor-widget-shortcode\" data-id=\"2a5d3bb\" data-element_type=\"widget\" data-widget_type=\"shortcode.default\">\n\t\t\t\t<div class=\"elementor-widget-container\">\n\t\t\t\t\t<div class=\"elementor-shortcode\">\n<div class=\"wpcf7 no-js\" id=\"wpcf7-f1541-o1\" lang=\"en-US\" dir=\"ltr\">\n<div class=\"screen-reader-response\"><p role=\"status\" aria-live=\"polite\" aria-atomic=\"true\"><\/p> <ul><\/ul><\/div>\n<form action=\"\/index.php\/wp-json\/wp\/v2\/pages\/708#wpcf7-f1541-o1\" method=\"post\" class=\"wpcf7-form init\" aria-label=\"Contact form\" novalidate=\"novalidate\" data-status=\"init\">\n<div style=\"display: none;\">\n<input type=\"hidden\" name=\"_wpcf7\" value=\"1541\" \/>\n<input type=\"hidden\" name=\"_wpcf7_version\" value=\"5.7.7\" \/>\n<input type=\"hidden\" name=\"_wpcf7_locale\" value=\"en_US\" \/>\n<input type=\"hidden\" name=\"_wpcf7_unit_tag\" value=\"wpcf7-f1541-o1\" \/>\n<input type=\"hidden\" name=\"_wpcf7_container_post\" value=\"0\" \/>\n<input type=\"hidden\" name=\"_wpcf7_posted_data_hash\" value=\"\" \/>\n<\/div>\n<div class=\"parezy-form contact-form\">\n    <div class=\"row\">\n        <div class=\"col-md-12\">\n          <div class=\"input-group\"><span class=\"wpcf7-form-control-wrap\" data-name=\"your-name\"><input size=\"40\" class=\"wpcf7-form-control wpcf7-text\" aria-invalid=\"false\" placeholder=\"Imi\u0119 i nazwisko\" value=\"\" type=\"text\" name=\"your-name\" \/><\/span><\/div>\n        <\/div>\n        <div class=\"col-md-12\">\n          <div class=\"input-group\"><span class=\"wpcf7-form-control-wrap\" data-name=\"your-email\"><input size=\"40\" class=\"wpcf7-form-control wpcf7-text wpcf7-email wpcf7-validates-as-email\" aria-invalid=\"false\" placeholder=\"Tw\u00f3j e-mail\" value=\"\" type=\"email\" name=\"your-email\" \/><\/span><\/div>\n        <\/div>\n        <div class=\"col-md-12\">\n          <div class=\"input-group\"><span class=\"wpcf7-form-control-wrap\" data-name=\"phone\"><input size=\"40\" class=\"wpcf7-form-control wpcf7-text wpcf7-tel wpcf7-validates-as-tel\" aria-invalid=\"false\" placeholder=\"Tw\u00f3j numer telefonu\" value=\"\" type=\"tel\" name=\"phone\" \/><\/span><\/div>\n        <\/div>\n        <div class=\"col-md-12\">\n          <div class=\"input-group\"><span class=\"wpcf7-form-control-wrap\" data-name=\"subject\"><input size=\"40\" class=\"wpcf7-form-control wpcf7-text\" aria-invalid=\"false\" placeholder=\"Temat\" value=\"\" type=\"text\" name=\"subject\" \/><\/span><\/div>\n        <\/div>\n        <div class=\"col-sm-12\">\n            <div class=\"input-group\"><span class=\"wpcf7-form-control-wrap\" data-name=\"textarea-693\"><textarea cols=\"40\" rows=\"10\" class=\"wpcf7-form-control wpcf7-textarea\" aria-invalid=\"false\" placeholder=\"Wiadomo\u015b\u0107\" name=\"textarea-693\"><\/textarea><\/span><\/div>\n\t<\/div>\n    <\/div>\n    <div class=\"row p-hide\">\n       <div class=\"col-sm-12\">\n\t  <div class=\"input-group\"><input class=\"wpcf7-form-control has-spinner wpcf7-submit\" type=\"submit\" value=\"Wy\u015blij\" \/><\/div>\n       <\/div>\n   <\/div>\n<\/div><div class=\"wpcf7-response-output\" aria-hidden=\"true\"><\/div>\n<\/form>\n<\/div>\n<\/div>\n\t\t\t\t<\/div>\n\t\t\t\t<\/div>\n\t\t\t\t\t\t<\/div>\n\t\t\t\t\t<\/div>\n\t\t<\/div>\n\t\t\t\t<div class=\"elementor-column elementor-col-50 elementor-top-column elementor-element elementor-element-195dc24 cd-right-expand cd-bg-color-white column-radius\" data-id=\"195dc24\" data-element_type=\"column\">\n\t\t\t<div class=\"elementor-column-wrap elementor-element-populated\">\n\t\t\t\t\t\t\t<div class=\"elementor-widget-wrap\">\n\t\t\t\t\t\t<div class=\"elementor-element elementor-element-76c1f08 elementor-widget elementor-widget-parezy-custom-heading\" data-id=\"76c1f08\" data-element_type=\"widget\" data-widget_type=\"parezy-custom-heading.default\">\n\t\t\t\t<div class=\"elementor-widget-container\">\n\t\t\t\t\t<div class=\"tcr_custom_heading_wrapper tcr-custom-heading502631745 custom-heading-style-1 heading-alignment-center\">\n\t\t\t<div class=\"tcr-custom-heading-wrapper\">\n\t\t\t<div class=\"tcr-heading-title-wrapper title-text-\">\n\t\t\t<h3 class=\"heading-title\">\n\t\t\t\tKontakt\t\t\t<\/h3>\n\t\t<\/div>\n\t\t<\/div>\n\t\t<\/div>\n\t\t\t\t<\/div>\n\t\t\t\t<\/div>\n\t\t\t\t<div class=\"elementor-element elementor-element-9ef6e3e elementor-widget elementor-widget-text-editor\" data-id=\"9ef6e3e\" data-element_type=\"widget\" data-widget_type=\"text-editor.default\">\n\t\t\t\t<div class=\"elementor-widget-container\">\n\t\t\t<style>\/*! elementor - v3.18.0 - 20-12-2023 *\/\n.elementor-widget-text-editor.elementor-drop-cap-view-stacked .elementor-drop-cap{background-color:#69727d;color:#fff}.elementor-widget-text-editor.elementor-drop-cap-view-framed .elementor-drop-cap{color:#69727d;border:3px solid;background-color:transparent}.elementor-widget-text-editor:not(.elementor-drop-cap-view-default) .elementor-drop-cap{margin-top:8px}.elementor-widget-text-editor:not(.elementor-drop-cap-view-default) .elementor-drop-cap-letter{width:1em;height:1em}.elementor-widget-text-editor .elementor-drop-cap{float:left;text-align:center;line-height:1;font-size:50px}.elementor-widget-text-editor .elementor-drop-cap-letter{display:inline-block}<\/style>\t\t\t\t\t<div class=\"elementor-text-editor elementor-clearfix\">\n\t\t\t\t<h6 style=\"text-align: center;\"><strong>Centrum Terapii i Diagnozy Klinicznej<\/strong><\/h6>\n<p style=\"text-align: justify; text-indent: 35.3pt; margin: 0cm 0cm 18.75pt 0cm;\"><span style=\"color: #0a0a0a;\">W razie pyta\u0144 zapraszamy poni\u017cej do kontaktu. W celu uzyskania najszybszej pomocy zach\u0119camy do skorzystania z nr telefonu. Pomo\u017cemy Ci wybra\u0107 specjalist\u0119 i potwierdzimy termin.\t\t\t\t\t<\/div>\n\t\t\t\t\t\t<\/div>\n\t\t\t\t<\/div>\n\t\t\t\t<section class=\"elementor-section elementor-inner-section elementor-element elementor-element-5479fc3 elementor-section-boxed elementor-section-height-default elementor-section-height-default cd-bg-color-transparent\" data-id=\"5479fc3\" data-element_type=\"section\">\n\t\t\t\t\t\t<div class=\"elementor-container elementor-column-gap-default\">\n\t\t\t\t\t\t\t<div class=\"elementor-row\">\n\t\t\t\t\t<div class=\"elementor-column elementor-col-33 elementor-inner-column elementor-element elementor-element-bc2b687 cd-bg-color-transparent\" data-id=\"bc2b687\" data-element_type=\"column\">\n\t\t\t<div class=\"elementor-column-wrap elementor-element-populated\">\n\t\t\t\t\t\t\t<div class=\"elementor-widget-wrap\">\n\t\t\t\t\t\t<div class=\"elementor-element elementor-element-4f5eb34 elementor-widget elementor-widget-parezy-infobox\" data-id=\"4f5eb34\" data-element_type=\"widget\" data-widget_type=\"parezy-infobox.default\">\n\t\t\t\t<div class=\"elementor-widget-container\">\n\t\t\t\t\t<div class=\"tcr-elementor-widgettcr_infobox_wrapper infobox-style-8 tcr-infobox312472499 icon-type-image\">\n\t\t\t<div class=\"tcr-infobox-wrapper\">\n\t\t\t\t<div class=\"tcr-infobox-icon\">\n\t\t\t\t\t\t\t\t<img decoding=\"async\" src=\"http:\/\/happy-way.pl\/wp-content\/uploads\/2020\/10\/contact-icon1.png\" alt=\"Icon\">\n\t\t\t\t\t\t\t\t<\/div>\n\t\t\t\t<div class=\"tcr-infobox-content\">\n\t\t\t\t\t<h3 class=\"tcr-infobox-title\">Numer telefonu<\/h3>\n\t\t\t\t\t\t<div class=\"tcr-infobox-text\">+48 537 773 820<\/div>\n\t\t\t\t<\/div>\n<\/div>\n\t\t<\/div>\n\t\t\t\t<\/div>\n\t\t\t\t<\/div>\n\t\t\t\t\t\t<\/div>\n\t\t\t\t\t<\/div>\n\t\t<\/div>\n\t\t\t\t<div class=\"elementor-column elementor-col-33 elementor-inner-column elementor-element elementor-element-f3d2cc0 cd-bg-color-transparent\" data-id=\"f3d2cc0\" data-element_type=\"column\">\n\t\t\t<div class=\"elementor-column-wrap elementor-element-populated\">\n\t\t\t\t\t\t\t<div class=\"elementor-widget-wrap\">\n\t\t\t\t\t\t<div class=\"elementor-element elementor-element-3ee89fb elementor-widget elementor-widget-parezy-infobox\" data-id=\"3ee89fb\" data-element_type=\"widget\" data-widget_type=\"parezy-infobox.default\">\n\t\t\t\t<div class=\"elementor-widget-container\">\n\t\t\t\t\t<div class=\"tcr-elementor-widgettcr_infobox_wrapper infobox-style-8 tcr-infobox1611192853 icon-type-image\">\n\t\t\t<div class=\"tcr-infobox-wrapper\">\n\t\t\t\t<div class=\"tcr-infobox-icon\">\n\t\t\t\t\t\t\t\t<img decoding=\"async\" src=\"http:\/\/happy-way.pl\/wp-content\/uploads\/2020\/10\/contact-icon2.png\" alt=\"Icon\">\n\t\t\t\t\t\t\t\t<\/div>\n\t\t\t\t<div class=\"tcr-infobox-content\">\n\t\t\t\t\t<h3 class=\"tcr-infobox-title\">E-mail<\/h3>\n\t\t\t\t\t\t<div class=\"tcr-infobox-text\"><a href=\"mailto:biuro@happy-way.pl\">biuro@happy-way.pl<\/a><\/div>\n\t\t\t\t<\/div>\n<\/div>\n\t\t<\/div>\n\t\t\t\t<\/div>\n\t\t\t\t<\/div>\n\t\t\t\t\t\t<\/div>\n\t\t\t\t\t<\/div>\n\t\t<\/div>\n\t\t\t\t<div class=\"elementor-column elementor-col-33 elementor-inner-column elementor-element elementor-element-e33372c cd-bg-color-transparent\" data-id=\"e33372c\" data-element_type=\"column\">\n\t\t\t<div class=\"elementor-column-wrap elementor-element-populated\">\n\t\t\t\t\t\t\t<div class=\"elementor-widget-wrap\">\n\t\t\t\t\t\t<div class=\"elementor-element elementor-element-dbde8e0 elementor-widget elementor-widget-parezy-infobox\" data-id=\"dbde8e0\" data-element_type=\"widget\" data-widget_type=\"parezy-infobox.default\">\n\t\t\t\t<div class=\"elementor-widget-container\">\n\t\t\t\t\t<div class=\"tcr-elementor-widgettcr_infobox_wrapper infobox-style-8 tcr-infobox1801449526 icon-type-image\">\n\t\t\t<div class=\"tcr-infobox-wrapper\">\n\t\t\t\t<div class=\"tcr-infobox-icon\">\n\t\t\t\t\t\t\t\t<img decoding=\"async\" src=\"http:\/\/happy-way.pl\/wp-content\/uploads\/2020\/10\/contact-icon3.png\" alt=\"Icon\">\n\t\t\t\t\t\t\t\t<\/div>\n\t\t\t\t<div class=\"tcr-infobox-content\">\n\t\t\t\t\t<h3 class=\"tcr-infobox-title\">Lokalizacja<\/h3>\n\t\t\t\t\t\t<div class=\"tcr-infobox-text\">Rzesz\u00f3w, Gen J D\u0105browskiego 18<\/div>\n\t\t\t\t<\/div>\n<\/div>\n\t\t<\/div>\n\t\t\t\t<\/div>\n\t\t\t\t<\/div>\n\t\t\t\t\t\t<\/div>\n\t\t\t\t\t<\/div>\n\t\t<\/div>\n\t\t\t\t\t\t\t\t<\/div>\n\t\t\t\t\t<\/div>\n\t\t<\/section>\n\t\t\t\t<section class=\"elementor-section elementor-inner-section elementor-element elementor-element-e619ad5 elementor-section-boxed elementor-section-height-default elementor-section-height-default cd-bg-color-transparent\" data-id=\"e619ad5\" data-element_type=\"section\">\n\t\t\t\t\t\t<div class=\"elementor-container elementor-column-gap-default\">\n\t\t\t\t\t\t\t<div class=\"elementor-row\">\n\t\t\t\t\t<div class=\"elementor-column elementor-col-100 elementor-inner-column elementor-element elementor-element-9191e95 cd-bg-color-transparent\" data-id=\"9191e95\" data-element_type=\"column\">\n\t\t\t<div class=\"elementor-column-wrap elementor-element-populated\">\n\t\t\t\t\t\t\t<div class=\"elementor-widget-wrap\">\n\t\t\t\t\t\t<div class=\"elementor-element elementor-element-2441cb5 elementor-widget elementor-widget-text-editor\" data-id=\"2441cb5\" data-element_type=\"widget\" data-widget_type=\"text-editor.default\">\n\t\t\t\t<div class=\"elementor-widget-container\">\n\t\t\t\t\t\t\t\t<div class=\"elementor-text-editor elementor-clearfix\">\n\t\t\t\t<p style=\"text-align: justify; text-indent: 35.3pt; margin: 0cm 0cm 18.75pt 0cm;\"><span style=\"color: #0a0a0a;\">Serdecznie zapraszamy do odwiedzenia nas<\/span><\/p>\t\t\t\t\t<\/div>\n\t\t\t\t\t\t<\/div>\n\t\t\t\t<\/div>\n\t\t\t\t<div class=\"elementor-element elementor-element-5ad5328 elementor-widget elementor-widget-shortcode\" data-id=\"5ad5328\" data-element_type=\"widget\" data-widget_type=\"shortcode.default\">\n\t\t\t\t<div class=\"elementor-widget-container\">\n\t\t\t\t\t<div class=\"elementor-shortcode\"><div class=\"sfsi_widget sfsi_shortcode_container\"><div class=\"norm_row sfsi_wDiv \"  style=\"width:225px;text-align:center;\"><div style='width:40px; height:40px;margin-left:5px;margin-bottom:5px; ' class='sfsi_wicons shuffeldiv ' ><div class='inerCnt'><a class=' sficn' data-effect='' target='_blank'  href='https:\/\/www.facebook.com\/Happy-Way-105744028874249\/' id='sfsiid_facebook_icon' style='width:40px;height:40px;opacity:1;'  ><img data-pin-nopin='true' alt='Facebook' title='Facebook' src='http:\/\/happy-way.pl\/wp-content\/plugins\/ultimate-social-media-icons\/images\/icons_theme\/thin\/thin_facebook.png' width='40' height='40' style='' class='sfcm sfsi_wicon ' data-effect=''   \/><\/a><\/div><\/div><div style='width:40px; height:40px;margin-left:5px;margin-bottom:5px; ' class='sfsi_wicons shuffeldiv ' ><div class='inerCnt'><a class=' sficn' data-effect='' target='_blank'  href='https:\/\/www.instagram.com\/happy_way_centrum\/' id='sfsiid_instagram_icon' style='width:40px;height:40px;opacity:1;'  ><img data-pin-nopin='true' alt='' title='' src='http:\/\/happy-way.pl\/wp-content\/plugins\/ultimate-social-media-icons\/images\/icons_theme\/thin\/thin_instagram.png' width='40' height='40' style='' class='sfcm sfsi_wicon ' data-effect=''   \/><\/a><\/div><\/div><\/div ><div id=\"sfsi_holder\" class=\"sfsi_holders\" style=\"position: relative; float: left;width:100%;z-index:-1;\"><\/div ><script>window.addEventListener(\"sfsi_functions_loaded\", function()\n\t\t\t{\n\t\t\t\tif (typeof sfsi_widget_set == \"function\") {\n\t\t\t\t\tsfsi_widget_set();\n\t\t\t\t}\n\t\t\t}); <\/script><div style=\"clear: both;\"><\/div><\/div><\/div>\n\t\t\t\t<\/div>\n\t\t\t\t<\/div>\n\t\t\t\t\t\t<\/div>\n\t\t\t\t\t<\/div>\n\t\t<\/div>\n\t\t\t\t\t\t\t\t<\/div>\n\t\t\t\t\t<\/div>\n\t\t<\/section>\n\t\t\t\t\t\t<\/div>\n\t\t\t\t\t<\/div>\n\t\t<\/div>\n\t\t\t\t\t\t\t\t<\/div>\n\t\t\t\t\t<\/div>\n\t\t<\/section>\n\t\t\t\t\t\t\t\t\t<\/div>\n\t\t\t<\/div>\n\t\t\t\t\t<\/div>\n\t\t","protected":false},"excerpt":{"rendered":"<p>Formularz wysy\u0142kowy Kontakt Centrum Terapii i Diagnozy Klinicznej W razie pyta\u0144 zapraszamy poni\u017cej do kontaktu. W celu uzyskania najszybszej pomocy zach\u0119camy do skorzystania z nr telefonu. Pomo\u017cemy Ci wybra\u0107 specjalist\u0119 i potwierdzimy termin. Numer telefonu +48 537 773 820 E-mail biuro@happy-way.pl Lokalizacja Rzesz\u00f3w, Gen J D\u0105browskiego 18 Serdecznie zapraszamy do odwiedzenia nas<\/p>\n","protected":false},"author":1,"featured_media":0,"parent":0,"menu_order":0,"comment_status":"closed","ping_status":"closed","template":"elementor_header_footer","meta":{"footnotes":""},"class_list":["post-708","page","type-page","status-publish","hentry","without-image"],"_links":{"self":[{"href":"http:\/\/happy-way.pl\/index.php\/wp-json\/wp\/v2\/pages\/708","targetHints":{"allow":["GET"]}}],"collection":[{"href":"http:\/\/happy-way.pl\/index.php\/wp-json\/wp\/v2\/pages"}],"about":[{"href":"http:\/\/happy-way.pl\/index.php\/wp-json\/wp\/v2\/types\/page"}],"author":[{"embeddable":true,"href":"http:\/\/happy-way.pl\/index.php\/wp-json\/wp\/v2\/users\/1"}],"replies":[{"embeddable":true,"href":"http:\/\/happy-way.pl\/index.php\/wp-json\/wp\/v2\/comments?post=708"}],"version-history":[{"count":56,"href":"http:\/\/happy-way.pl\/index.php\/wp-json\/wp\/v2\/pages\/708\/revisions"}],"predecessor-version":[{"id":4258,"href":"http:\/\/happy-way.pl\/index.php\/wp-json\/wp\/v2\/pages\/708\/revisions\/4258"}],"wp:attachment":[{"href":"http:\/\/happy-way.pl\/index.php\/wp-json\/wp\/v2\/media?parent=708"}],"curies":[{"name":"wp","href":"https:\/\/api.w.org\/{rel}","templated":true}]}}